{"id":474,"date":"2023-05-10T21:23:30","date_gmt":"2023-05-10T21:23:30","guid":{"rendered":"http:\/\/ragoh.mx\/Inicio\/?page_id=474"},"modified":"2023-05-10T21:26:02","modified_gmt":"2023-05-10T21:26:02","slug":"krion","status":"publish","type":"page","link":"http:\/\/ragoh.mx\/Inicio\/krion\/","title":{"rendered":"Krion"},"content":{"rendered":"\t\t<div data-elementor-type=\"wp-page\" data-elementor-id=\"474\" class=\"elementor elementor-474\">\n\t\t\t\t\t\t\t\t\t<section class=\"elementor-section elementor-top-section elementor-element elementor-element-6f70939 elementor-section-boxed elementor-section-height-default elementor-section-height-default\" data-id=\"6f70939\" data-element_type=\"section\">\n\t\t\t\t\t\t<div class=\"elementor-container elementor-column-gap-default\">\n\t\t\t\t\t<div class=\"elementor-column elementor-col-100 elementor-top-column elementor-element elementor-element-c02dc7d\" data-id=\"c02dc7d\" data-element_type=\"column\">\n\t\t\t<div class=\"elementor-widget-wrap elementor-element-populated\">\n\t\t\t\t\t\t\t\t<div class=\"elementor-element elementor-element-fca05ef elementor-widget elementor-widget-text-editor\" data-id=\"fca05ef\" data-element_type=\"widget\" data-widget_type=\"text-editor.default\">\n\t\t\t\t<div class=\"elementor-widget-container\">\n\t\t\t<style>\/*! elementor - v3.13.2 - 11-05-2023 *\/\n.elementor-widget-text-editor.elementor-drop-cap-view-stacked .elementor-drop-cap{background-color:#69727d;color:#fff}.elementor-widget-text-editor.elementor-drop-cap-view-framed .elementor-drop-cap{color:#69727d;border:3px solid;background-color:transparent}.elementor-widget-text-editor:not(.elementor-drop-cap-view-default) .elementor-drop-cap{margin-top:8px}.elementor-widget-text-editor:not(.elementor-drop-cap-view-default) .elementor-drop-cap-letter{width:1em;height:1em}.elementor-widget-text-editor .elementor-drop-cap{float:left;text-align:center;line-height:1;font-size:50px}.elementor-widget-text-editor .elementor-drop-cap-letter{display:inline-block}<\/style>\t\t\t\t<h1 style=\"padding: 0.1em 0px; margin-bottom: 0.66em; -webkit-font-smoothing: antialiased; border: 0px; font-variant-numeric: inherit; font-variant-east-asian: inherit; font-variant-alternates: inherit; font-weight: inherit; font-stretch: inherit; font-size: 2.25rem; line-height: 1.125em; font-family: Porcelanosa, serif; font-optical-sizing: inherit; font-kerning: inherit; font-feature-settings: inherit; font-variation-settings: inherit; vertical-align: baseline; color: rgb(28, 50, 65); text-align: center;\">KRION\u00ae, el Solid Surface de nueva generaci\u00f3n.<\/h1><p style=\"padding: 0px; margin-bottom: 1.125em; -webkit-font-smoothing: antialiased; border: 0px; font-variant-numeric: inherit; font-variant-east-asian: inherit; font-variant-alternates: inherit; font-stretch: inherit; font-size: 1.25rem; line-height: 1.333em; font-family: Lato, sans-serif; font-optical-sizing: inherit; font-kerning: inherit; font-feature-settings: inherit; font-variation-settings: inherit; vertical-align: baseline; color: rgb(147, 147, 147); text-align: center;\">El compacto mineral KRION\u00ae se define por un tacto c\u00e1lido y suave que se asemeja a la piedra natural y con el que es posible construir espacios sin juntas y con una est\u00e9tica uniforme.<\/p>\t\t\t\t\t\t<\/div>\n\t\t\t\t<\/div>\n\t\t\t\t\t<\/div>\n\t\t<\/div>\n\t\t\t\t\t\t\t<\/div>\n\t\t<\/section>\n\t\t\t\t<section class=\"elementor-section elementor-top-section elementor-element elementor-element-169bb0b elementor-section-full_width elementor-section-stretched elementor-section-height-default elementor-section-height-default\" data-id=\"169bb0b\" data-element_type=\"section\" data-settings=\"{&quot;stretch_section&quot;:&quot;section-stretched&quot;}\">\n\t\t\t\t\t\t<div class=\"elementor-container elementor-column-gap-default\">\n\t\t\t\t\t<div class=\"elementor-column elementor-col-50 elementor-top-column elementor-element elementor-element-034cddd\" data-id=\"034cddd\" data-element_type=\"column\">\n\t\t\t<div class=\"elementor-widget-wrap elementor-element-populated\">\n\t\t\t\t\t\t\t\t<div class=\"elementor-element elementor-element-3d22715 elementor-widget elementor-widget-text-editor\" data-id=\"3d22715\" data-element_type=\"widget\" data-widget_type=\"text-editor.default\">\n\t\t\t\t<div class=\"elementor-widget-container\">\n\t\t\t\t\t\t\t<p><span style=\"color: #939393; font-family: Lato, sans-serif; font-size: 18.75px; text-align: center;\">\u00abKRION\u00ae es un Solid Surface de nueva generaci\u00f3n que se puede reciclar al 100%, ya que cualquiera de sus productos pueden ser reprocesados y utilizados de nuevo en su ciclo de producci\u00f3n.\u00bb<\/span><\/p>\t\t\t\t\t\t<\/div>\n\t\t\t\t<\/div>\n\t\t\t\t\t<\/div>\n\t\t<\/div>\n\t\t\t\t<div class=\"elementor-column elementor-col-50 elementor-top-column elementor-element elementor-element-6e42539\" data-id=\"6e42539\" data-element_type=\"column\">\n\t\t\t<div class=\"elementor-widget-wrap elementor-element-populated\">\n\t\t\t\t\t\t\t\t<div class=\"elementor-element elementor-element-75f80e3 elementor-widget elementor-widget-text-editor\" data-id=\"75f80e3\" data-element_type=\"widget\" data-widget_type=\"text-editor.default\">\n\t\t\t\t<div class=\"elementor-widget-container\">\n\t\t\t\t\t\t\t<p><span style=\"color: #939393; font-family: Lato, sans-serif; font-size: 18.75px; text-align: center;\">\u00abSu composici\u00f3n presenta una elevada resistencia y durabilidad ante los fen\u00f3menos naturales, los impactos, los golpes y las manchas. Su resistencia al calor y sus propiedades ign\u00edfugas hacen que est\u00e9 en contacto con fuentes de calor sin que su apariencia sufra da\u00f1os.\u00bb<\/span><\/p>\t\t\t\t\t\t<\/div>\n\t\t\t\t<\/div>\n\t\t\t\t\t<\/div>\n\t\t<\/div>\n\t\t\t\t\t\t\t<\/div>\n\t\t<\/section>\n\t\t\t\t<section class=\"elementor-section elementor-top-section elementor-element elementor-element-1c00517 elementor-section-boxed elementor-section-height-default elementor-section-height-default\" data-id=\"1c00517\" data-element_type=\"section\">\n\t\t\t\t\t\t<div class=\"elementor-container elementor-column-gap-default\">\n\t\t\t\t\t<div class=\"elementor-column elementor-col-100 elementor-top-column elementor-element elementor-element-382feca\" data-id=\"382feca\" data-element_type=\"column\">\n\t\t\t<div class=\"elementor-widget-wrap elementor-element-populated\">\n\t\t\t\t\t\t\t\t<div class=\"elementor-element elementor-element-0cf220a elementor-widget-divider--view-line elementor-invisible elementor-widget elementor-widget-divider\" data-id=\"0cf220a\" data-element_type=\"widget\" data-settings=\"{&quot;_animation&quot;:&quot;pulse&quot;}\" data-widget_type=\"divider.default\">\n\t\t\t\t<div class=\"elementor-widget-container\">\n\t\t\t<style>\/*! elementor - v3.13.2 - 11-05-2023 *\/\n.elementor-widget-divider{--divider-border-style:none;--divider-border-width:1px;--divider-color:#0c0d0e;--divider-icon-size:20px;--divider-element-spacing:10px;--divider-pattern-height:24px;--divider-pattern-size:20px;--divider-pattern-url:none;--divider-pattern-repeat:repeat-x}.elementor-widget-divider .elementor-divider{display:flex}.elementor-widget-divider .elementor-divider__text{font-size:15px;line-height:1;max-width:95%}.elementor-widget-divider .elementor-divider__element{margin:0 var(--divider-element-spacing);flex-shrink:0}.elementor-widget-divider .elementor-icon{font-size:var(--divider-icon-size)}.elementor-widget-divider .elementor-divider-separator{display:flex;margin:0;direction:ltr}.elementor-widget-divider--view-line_icon .elementor-divider-separator,.elementor-widget-divider--view-line_text .elementor-divider-separator{align-items:center}.elementor-widget-divider--view-line_icon .elementor-divider-separator:after,.elementor-widget-divider--view-line_icon .elementor-divider-separator:before,.elementor-widget-divider--view-line_text .elementor-divider-separator:after,.elementor-widget-divider--view-line_text .elementor-divider-separator:before{display:block;content:\"\";border-bottom:0;flex-grow:1;border-top:var(--divider-border-width) var(--divider-border-style) var(--divider-color)}.elementor-widget-divider--element-align-left .elementor-divider .elementor-divider-separator>.elementor-divider__svg:first-of-type{flex-grow:0;flex-shrink:100}.elementor-widget-divider--element-align-left .elementor-divider-separator:before{content:none}.elementor-widget-divider--element-align-left .elementor-divider__element{margin-left:0}.elementor-widget-divider--element-align-right .elementor-divider .elementor-divider-separator>.elementor-divider__svg:last-of-type{flex-grow:0;flex-shrink:100}.elementor-widget-divider--element-align-right .elementor-divider-separator:after{content:none}.elementor-widget-divider--element-align-right .elementor-divider__element{margin-right:0}.elementor-widget-divider:not(.elementor-widget-divider--view-line_text):not(.elementor-widget-divider--view-line_icon) .elementor-divider-separator{border-top:var(--divider-border-width) var(--divider-border-style) var(--divider-color)}.elementor-widget-divider--separator-type-pattern{--divider-border-style:none}.elementor-widget-divider--separator-type-pattern.elementor-widget-divider--view-line .elementor-divider-separator,.elementor-widget-divider--separator-type-pattern:not(.elementor-widget-divider--view-line) .elementor-divider-separator:after,.elementor-widget-divider--separator-type-pattern:not(.elementor-widget-divider--view-line) .elementor-divider-separator:before,.elementor-widget-divider--separator-type-pattern:not([class*=elementor-widget-divider--view]) .elementor-divider-separator{width:100%;min-height:var(--divider-pattern-height);-webkit-mask-size:var(--divider-pattern-size) 100%;mask-size:var(--divider-pattern-size) 100%;-webkit-mask-repeat:var(--divider-pattern-repeat);mask-repeat:var(--divider-pattern-repeat);background-color:var(--divider-color);-webkit-mask-image:var(--divider-pattern-url);mask-image:var(--divider-pattern-url)}.elementor-widget-divider--no-spacing{--divider-pattern-size:auto}.elementor-widget-divider--bg-round{--divider-pattern-repeat:round}.rtl .elementor-widget-divider .elementor-divider__text{direction:rtl}.e-con-inner>.elementor-widget-divider,.e-con>.elementor-widget-divider{width:var(--container-widget-width,100%);--flex-grow:var(--container-widget-flex-grow)}<\/style>\t\t<div class=\"elementor-divider\">\n\t\t\t<span class=\"elementor-divider-separator\">\n\t\t\t\t\t\t<\/span>\n\t\t<\/div>\n\t\t\t\t<\/div>\n\t\t\t\t<\/div>\n\t\t\t\t\t<\/div>\n\t\t<\/div>\n\t\t\t\t\t\t\t<\/div>\n\t\t<\/section>\n\t\t\t\t<section class=\"elementor-section elementor-top-section elementor-element elementor-element-fa8528b elementor-section-boxed elementor-section-height-default elementor-section-height-default elementor-invisible\" data-id=\"fa8528b\" data-element_type=\"section\" data-settings=\"{&quot;animation&quot;:&quot;pulse&quot;}\">\n\t\t\t\t\t\t<div class=\"elementor-container elementor-column-gap-default\">\n\t\t\t\t\t<div class=\"elementor-column elementor-col-100 elementor-top-column elementor-element elementor-element-8b92ed4\" data-id=\"8b92ed4\" data-element_type=\"column\">\n\t\t\t<div class=\"elementor-widget-wrap elementor-element-populated\">\n\t\t\t\t\t\t\t\t<div class=\"elementor-element elementor-element-f327275 elementor-widget elementor-widget-video\" data-id=\"f327275\" data-element_type=\"widget\" data-settings=\"{&quot;youtube_url&quot;:&quot;https:\\\/\\\/www.youtube.com\\\/watch?v=koSinBPjSOA&amp;t=2s&quot;,&quot;video_type&quot;:&quot;youtube&quot;,&quot;controls&quot;:&quot;yes&quot;}\" data-widget_type=\"video.default\">\n\t\t\t\t<div class=\"elementor-widget-container\">\n\t\t\t<style>\/*! elementor - v3.13.2 - 11-05-2023 *\/\n.elementor-widget-video .elementor-widget-container{overflow:hidden;transform:translateZ(0)}.elementor-widget-video .elementor-wrapper{aspect-ratio:var(--video-aspect-ratio)}.elementor-widget-video .elementor-wrapper iframe,.elementor-widget-video .elementor-wrapper video{height:100%;width:100%;display:flex;border:none;background-color:#000}@supports not (aspect-ratio:1\/1){.elementor-widget-video .elementor-wrapper{position:relative;overflow:hidden;height:0;padding-bottom:calc(100% \/ var(--video-aspect-ratio))}.elementor-widget-video .elementor-wrapper iframe,.elementor-widget-video .elementor-wrapper video{position:absolute;top:0;right:0;bottom:0;left:0}}.elementor-widget-video .elementor-open-inline .elementor-custom-embed-image-overlay{position:absolute;top:0;left:0;width:100%;height:100%;background-size:cover;background-position:50%}.elementor-widget-video .elementor-custom-embed-image-overlay{cursor:pointer;text-align:center}.elementor-widget-video .elementor-custom-embed-image-overlay:hover .elementor-custom-embed-play i{opacity:1}.elementor-widget-video .elementor-custom-embed-image-overlay img{display:block;width:100%}.elementor-widget-video .e-hosted-video .elementor-video{-o-object-fit:cover;object-fit:cover}.e-con-inner>.elementor-widget-video,.e-con>.elementor-widget-video{width:var(--container-widget-width);--flex-grow:var(--container-widget-flex-grow)}<\/style>\t\t<div class=\"elementor-wrapper elementor-open-inline\">\n\t\t\t<div class=\"elementor-video\"><\/div>\t\t<\/div>\n\t\t\t\t<\/div>\n\t\t\t\t<\/div>\n\t\t\t\t\t<\/div>\n\t\t<\/div>\n\t\t\t\t\t\t\t<\/div>\n\t\t<\/section>\n\t\t\t\t<section class=\"elementor-section elementor-top-section elementor-element elementor-element-afd4f20 elementor-section-boxed elementor-section-height-default elementor-section-height-default\" data-id=\"afd4f20\" data-element_type=\"section\">\n\t\t\t\t\t\t<div class=\"elementor-container elementor-column-gap-default\">\n\t\t\t\t\t<div class=\"elementor-column elementor-col-100 elementor-top-column elementor-element elementor-element-ceefefa\" data-id=\"ceefefa\" data-element_type=\"column\">\n\t\t\t<div class=\"elementor-widget-wrap elementor-element-populated\">\n\t\t\t\t\t\t\t\t<div class=\"elementor-element elementor-element-5a247e7 elementor-widget-divider--view-line elementor-invisible elementor-widget elementor-widget-divider\" data-id=\"5a247e7\" data-element_type=\"widget\" data-settings=\"{&quot;_animation&quot;:&quot;pulse&quot;}\" data-widget_type=\"divider.default\">\n\t\t\t\t<div class=\"elementor-widget-container\">\n\t\t\t\t\t<div class=\"elementor-divider\">\n\t\t\t<span class=\"elementor-divider-separator\">\n\t\t\t\t\t\t<\/span>\n\t\t<\/div>\n\t\t\t\t<\/div>\n\t\t\t\t<\/div>\n\t\t\t\t\t<\/div>\n\t\t<\/div>\n\t\t\t\t\t\t\t<\/div>\n\t\t<\/section>\n\t\t\t\t<section class=\"elementor-section elementor-top-section elementor-element elementor-element-f2fa9a5 elementor-section-full_width elementor-section-stretched elementor-section-height-default elementor-section-height-default elementor-invisible\" data-id=\"f2fa9a5\" data-element_type=\"section\" data-settings=\"{&quot;stretch_section&quot;:&quot;section-stretched&quot;,&quot;animation&quot;:&quot;pulse&quot;}\">\n\t\t\t\t\t\t<div class=\"elementor-container elementor-column-gap-default\">\n\t\t\t\t\t<div class=\"elementor-column elementor-col-100 elementor-top-column elementor-element elementor-element-0ee1618\" data-id=\"0ee1618\" data-element_type=\"column\">\n\t\t\t<div class=\"elementor-widget-wrap\">\n\t\t\t\t\t\t\t\t\t<\/div>\n\t\t<\/div>\n\t\t\t\t\t\t\t<\/div>\n\t\t<\/section>\n\t\t\t\t<section class=\"elementor-section elementor-top-section elementor-element elementor-element-ae621d6 elementor-section-full_width elementor-section-stretched elementor-section-height-default elementor-section-height-default elementor-invisible\" data-id=\"ae621d6\" data-element_type=\"section\" data-settings=\"{&quot;stretch_section&quot;:&quot;section-stretched&quot;,&quot;animation&quot;:&quot;pulse&quot;}\">\n\t\t\t\t\t\t<div class=\"elementor-container elementor-column-gap-default\">\n\t\t\t\t\t<div class=\"elementor-column elementor-col-100 elementor-top-column elementor-element elementor-element-e15415f\" data-id=\"e15415f\" data-element_type=\"column\">\n\t\t\t<div class=\"elementor-widget-wrap elementor-element-populated\">\n\t\t\t\t\t\t\t\t<div class=\"elementor-element elementor-element-6a9b064 elementor-widget elementor-widget-image\" data-id=\"6a9b064\" data-element_type=\"widget\" data-widget_type=\"image.default\">\n\t\t\t\t<div class=\"elementor-widget-container\">\n\t\t\t<style>\/*! elementor - v3.13.2 - 11-05-2023 *\/\n.elementor-widget-image{text-align:center}.elementor-widget-image a{display:inline-block}.elementor-widget-image a img[src$=\".svg\"]{width:48px}.elementor-widget-image img{vertical-align:middle;display:inline-block}<\/style>\t\t\t\t\t\t\t\t\t\t\t\t<img width=\"920\" height=\"222\" src=\"http:\/\/ragoh.mx\/Inicio\/wp-content\/uploads\/2023\/05\/Captura-de-pantalla-2023-05-10-142055-1024x247.png\" class=\"attachment-large size-large wp-image-486\" alt=\"\" loading=\"lazy\" srcset=\"http:\/\/ragoh.mx\/Inicio\/wp-content\/uploads\/2023\/05\/Captura-de-pantalla-2023-05-10-142055-1024x247.png 1024w, http:\/\/ragoh.mx\/Inicio\/wp-content\/uploads\/2023\/05\/Captura-de-pantalla-2023-05-10-142055-300x72.png 300w, http:\/\/ragoh.mx\/Inicio\/wp-content\/uploads\/2023\/05\/Captura-de-pantalla-2023-05-10-142055-768x185.png 768w, http:\/\/ragoh.mx\/Inicio\/wp-content\/uploads\/2023\/05\/Captura-de-pantalla-2023-05-10-142055-1536x370.png 1536w, http:\/\/ragoh.mx\/Inicio\/wp-content\/uploads\/2023\/05\/Captura-de-pantalla-2023-05-10-142055-600x145.png 600w, http:\/\/ragoh.mx\/Inicio\/wp-content\/uploads\/2023\/05\/Captura-de-pantalla-2023-05-10-142055.png 1870w\" sizes=\"(max-width: 920px) 100vw, 920px\" \/>\t\t\t\t\t\t\t\t\t\t\t\t\t\t\t<\/div>\n\t\t\t\t<\/div>\n\t\t\t\t<div class=\"elementor-element elementor-element-f6f06b1 elementor-widget elementor-widget-image\" data-id=\"f6f06b1\" data-element_type=\"widget\" data-widget_type=\"image.default\">\n\t\t\t\t<div class=\"elementor-widget-container\">\n\t\t\t\t\t\t\t\t\t\t\t\t\t\t\t<img width=\"920\" height=\"264\" src=\"http:\/\/ragoh.mx\/Inicio\/wp-content\/uploads\/2023\/05\/Captura-de-pantalla-2023-05-10-142119-1024x294.png\" class=\"attachment-large size-large wp-image-485\" alt=\"\" loading=\"lazy\" srcset=\"http:\/\/ragoh.mx\/Inicio\/wp-content\/uploads\/2023\/05\/Captura-de-pantalla-2023-05-10-142119-1024x294.png 1024w, http:\/\/ragoh.mx\/Inicio\/wp-content\/uploads\/2023\/05\/Captura-de-pantalla-2023-05-10-142119-300x86.png 300w, http:\/\/ragoh.mx\/Inicio\/wp-content\/uploads\/2023\/05\/Captura-de-pantalla-2023-05-10-142119-768x221.png 768w, http:\/\/ragoh.mx\/Inicio\/wp-content\/uploads\/2023\/05\/Captura-de-pantalla-2023-05-10-142119-600x173.png 600w, http:\/\/ragoh.mx\/Inicio\/wp-content\/uploads\/2023\/05\/Captura-de-pantalla-2023-05-10-142119.png 1506w\" sizes=\"(max-width: 920px) 100vw, 920px\" \/>\t\t\t\t\t\t\t\t\t\t\t\t\t\t\t<\/div>\n\t\t\t\t<\/div>\n\t\t\t\t\t<\/div>\n\t\t<\/div>\n\t\t\t\t\t\t\t<\/div>\n\t\t<\/section>\n\t\t\t\t<section class=\"elementor-section elementor-top-section elementor-element elementor-element-0e3965a elementor-section-full_width elementor-section-stretched elementor-section-height-default elementor-section-height-default elementor-invisible\" data-id=\"0e3965a\" data-element_type=\"section\" data-settings=\"{&quot;stretch_section&quot;:&quot;section-stretched&quot;,&quot;animation&quot;:&quot;pulse&quot;}\">\n\t\t\t\t\t\t<div class=\"elementor-container elementor-column-gap-default\">\n\t\t\t\t\t<div class=\"elementor-column elementor-col-100 elementor-top-column elementor-element elementor-element-2d27392\" data-id=\"2d27392\" data-element_type=\"column\">\n\t\t\t<div class=\"elementor-widget-wrap elementor-element-populated\">\n\t\t\t\t\t\t\t\t<div class=\"elementor-element elementor-element-9cf4097 elementor-widget elementor-widget-image\" data-id=\"9cf4097\" data-element_type=\"widget\" data-widget_type=\"image.default\">\n\t\t\t\t<div class=\"elementor-widget-container\">\n\t\t\t\t\t\t\t\t\t\t\t\t\t\t\t<img width=\"920\" height=\"199\" src=\"http:\/\/ragoh.mx\/Inicio\/wp-content\/uploads\/2023\/05\/Captura-de-pantalla-2023-05-10-142134-1024x221.png\" class=\"attachment-large size-large wp-image-484\" alt=\"\" loading=\"lazy\" srcset=\"http:\/\/ragoh.mx\/Inicio\/wp-content\/uploads\/2023\/05\/Captura-de-pantalla-2023-05-10-142134-1024x221.png 1024w, http:\/\/ragoh.mx\/Inicio\/wp-content\/uploads\/2023\/05\/Captura-de-pantalla-2023-05-10-142134-300x65.png 300w, http:\/\/ragoh.mx\/Inicio\/wp-content\/uploads\/2023\/05\/Captura-de-pantalla-2023-05-10-142134-768x166.png 768w, http:\/\/ragoh.mx\/Inicio\/wp-content\/uploads\/2023\/05\/Captura-de-pantalla-2023-05-10-142134-1536x332.png 1536w, http:\/\/ragoh.mx\/Inicio\/wp-content\/uploads\/2023\/05\/Captura-de-pantalla-2023-05-10-142134-600x130.png 600w, http:\/\/ragoh.mx\/Inicio\/wp-content\/uploads\/2023\/05\/Captura-de-pantalla-2023-05-10-142134.png 1876w\" sizes=\"(max-width: 920px) 100vw, 920px\" \/>\t\t\t\t\t\t\t\t\t\t\t\t\t\t\t<\/div>\n\t\t\t\t<\/div>\n\t\t\t\t<div class=\"elementor-element elementor-element-ff637a9 elementor-widget elementor-widget-image\" data-id=\"ff637a9\" data-element_type=\"widget\" data-widget_type=\"image.default\">\n\t\t\t\t<div class=\"elementor-widget-container\">\n\t\t\t\t\t\t\t\t\t\t\t\t\t\t\t<img width=\"920\" height=\"261\" src=\"http:\/\/ragoh.mx\/Inicio\/wp-content\/uploads\/2023\/05\/Captura-de-pantalla-2023-05-10-142149-1024x291.png\" class=\"attachment-large size-large wp-image-483\" alt=\"\" loading=\"lazy\" srcset=\"http:\/\/ragoh.mx\/Inicio\/wp-content\/uploads\/2023\/05\/Captura-de-pantalla-2023-05-10-142149-1024x291.png 1024w, http:\/\/ragoh.mx\/Inicio\/wp-content\/uploads\/2023\/05\/Captura-de-pantalla-2023-05-10-142149-300x85.png 300w, http:\/\/ragoh.mx\/Inicio\/wp-content\/uploads\/2023\/05\/Captura-de-pantalla-2023-05-10-142149-768x218.png 768w, http:\/\/ragoh.mx\/Inicio\/wp-content\/uploads\/2023\/05\/Captura-de-pantalla-2023-05-10-142149-600x171.png 600w, http:\/\/ragoh.mx\/Inicio\/wp-content\/uploads\/2023\/05\/Captura-de-pantalla-2023-05-10-142149.png 1487w\" sizes=\"(max-width: 920px) 100vw, 920px\" \/>\t\t\t\t\t\t\t\t\t\t\t\t\t\t\t<\/div>\n\t\t\t\t<\/div>\n\t\t\t\t\t<\/div>\n\t\t<\/div>\n\t\t\t\t\t\t\t<\/div>\n\t\t<\/section>\n\t\t\t\t\t\t\t<\/div>\n\t\t","protected":false},"excerpt":{"rendered":"<p>KRION\u00ae, el Solid Surface de nueva generaci\u00f3n. El compacto mineral KRION\u00ae se define por un tacto c\u00e1lido y suave que se asemeja a la piedra natural y con el que<\/p>\n<p class=\"more-link\"><a href=\"http:\/\/ragoh.mx\/Inicio\/krion\/\" class=\"readmore\">Seguir leyendo<svg class=\"icon icon-arrow-right\" aria-hidden=\"true\" role=\"img\"> <use href=\"#icon-arrow-right\" xlink:href=\"#icon-arrow-right\"><\/use> <\/svg><span class=\"screen-reader-text\">Krion<\/span><\/a><\/p>\n","protected":false},"author":1,"featured_media":0,"parent":0,"menu_order":0,"comment_status":"closed","ping_status":"closed","template":"","meta":{"_coblocks_attr":"","_coblocks_dimensions":"","_coblocks_responsive_height":"","_coblocks_accordion_ie_support":""},"_links":{"self":[{"href":"http:\/\/ragoh.mx\/Inicio\/wp-json\/wp\/v2\/pages\/474"}],"collection":[{"href":"http:\/\/ragoh.mx\/Inicio\/wp-json\/wp\/v2\/pages"}],"about":[{"href":"http:\/\/ragoh.mx\/Inicio\/wp-json\/wp\/v2\/types\/page"}],"author":[{"embeddable":true,"href":"http:\/\/ragoh.mx\/Inicio\/wp-json\/wp\/v2\/users\/1"}],"replies":[{"embeddable":true,"href":"http:\/\/ragoh.mx\/Inicio\/wp-json\/wp\/v2\/comments?post=474"}],"version-history":[{"count":4,"href":"http:\/\/ragoh.mx\/Inicio\/wp-json\/wp\/v2\/pages\/474\/revisions"}],"predecessor-version":[{"id":489,"href":"http:\/\/ragoh.mx\/Inicio\/wp-json\/wp\/v2\/pages\/474\/revisions\/489"}],"wp:attachment":[{"href":"http:\/\/ragoh.mx\/Inicio\/wp-json\/wp\/v2\/media?parent=474"}],"curies":[{"name":"wp","href":"https:\/\/api.w.org\/{rel}","templated":true}]}}