{"id":453,"date":"2023-05-10T21:08:01","date_gmt":"2023-05-10T21:08:01","guid":{"rendered":"http:\/\/ragoh.mx\/Inicio\/?page_id=453"},"modified":"2023-05-10T21:10:48","modified_gmt":"2023-05-10T21:10:48","slug":"gamadecor","status":"publish","type":"page","link":"http:\/\/ragoh.mx\/Inicio\/gamadecor\/","title":{"rendered":"Gamadecor"},"content":{"rendered":"\t\t<div data-elementor-type=\"wp-page\" data-elementor-id=\"453\" class=\"elementor elementor-453\">\n\t\t\t\t\t\t\t\t\t<section class=\"elementor-section elementor-top-section elementor-element elementor-element-8934732 elementor-section-boxed elementor-section-height-default elementor-section-height-default\" data-id=\"8934732\" data-element_type=\"section\">\n\t\t\t\t\t\t<div class=\"elementor-container elementor-column-gap-default\">\n\t\t\t\t\t<div class=\"elementor-column elementor-col-100 elementor-top-column elementor-element elementor-element-73cc7fc\" data-id=\"73cc7fc\" data-element_type=\"column\">\n\t\t\t<div class=\"elementor-widget-wrap elementor-element-populated\">\n\t\t\t\t\t\t\t\t<div class=\"elementor-element elementor-element-5aa52c0 elementor-widget elementor-widget-text-editor\" data-id=\"5aa52c0\" data-element_type=\"widget\" data-widget_type=\"text-editor.default\">\n\t\t\t\t<div class=\"elementor-widget-container\">\n\t\t\t<style>\/*! elementor - v3.13.2 - 11-05-2023 *\/\n.elementor-widget-text-editor.elementor-drop-cap-view-stacked .elementor-drop-cap{background-color:#69727d;color:#fff}.elementor-widget-text-editor.elementor-drop-cap-view-framed .elementor-drop-cap{color:#69727d;border:3px solid;background-color:transparent}.elementor-widget-text-editor:not(.elementor-drop-cap-view-default) .elementor-drop-cap{margin-top:8px}.elementor-widget-text-editor:not(.elementor-drop-cap-view-default) .elementor-drop-cap-letter{width:1em;height:1em}.elementor-widget-text-editor .elementor-drop-cap{float:left;text-align:center;line-height:1;font-size:50px}.elementor-widget-text-editor .elementor-drop-cap-letter{display:inline-block}<\/style>\t\t\t\t<h1 style=\"padding: 0px; margin-bottom: 16px; -webkit-font-smoothing: antialiased; border: 0px; font-variant-numeric: inherit; font-variant-east-asian: inherit; font-variant-alternates: inherit; font-weight: 300; font-stretch: inherit; font-size: 36px; line-height: 44px; font-family: Raleway, sans-serif; font-optical-sizing: inherit; font-kerning: inherit; font-feature-settings: inherit; font-variation-settings: inherit; vertical-align: baseline; text-align: center; color: rgb(51, 51, 51);\">PORCELANOSA Kitchens<br style=\"padding: 0px; margin: 0px; -webkit-font-smoothing: antialiased;\">Un lugar para crear, sentir y vivir.<\/h1><p class=\"entradilla\" style=\"padding: 0px; margin-bottom: 20px; -webkit-font-smoothing: antialiased; border: 0px; font-variant-numeric: inherit; font-variant-east-asian: inherit; font-variant-alternates: inherit; font-stretch: inherit; font-size: 20px; line-height: 28px; font-family: Raleway, sans-serif; font-optical-sizing: inherit; font-kerning: inherit; font-feature-settings: inherit; font-variation-settings: inherit; vertical-align: baseline; text-align: center; color: rgb(51, 51, 51);\">Las cocinas de Gamadecor son cocinas de calidad que conjugan a la perfecci\u00f3n est\u00e9tica y funcionalidad. Son la ecuaci\u00f3n perfecta, originales combinaciones que consiguen plasmar las \u00faltimas tendencias creando un ambiente arm\u00f3nico, consiguen conjugar los recursos pr\u00e1cticos y la funcionalidad.<\/p>\t\t\t\t\t\t<\/div>\n\t\t\t\t<\/div>\n\t\t\t\t\t<\/div>\n\t\t<\/div>\n\t\t\t\t\t\t\t<\/div>\n\t\t<\/section>\n\t\t\t\t<section class=\"elementor-section elementor-top-section elementor-element elementor-element-d934e77 elementor-section-full_width elementor-section-stretched elementor-section-height-default elementor-section-height-default\" data-id=\"d934e77\" data-element_type=\"section\" data-settings=\"{&quot;stretch_section&quot;:&quot;section-stretched&quot;}\">\n\t\t\t\t\t\t<div class=\"elementor-container elementor-column-gap-default\">\n\t\t\t\t\t<div class=\"elementor-column elementor-col-50 elementor-top-column elementor-element elementor-element-acc0c85\" data-id=\"acc0c85\" data-element_type=\"column\">\n\t\t\t<div class=\"elementor-widget-wrap elementor-element-populated\">\n\t\t\t\t\t\t\t\t<div class=\"elementor-element elementor-element-41172cc elementor-invisible elementor-widget elementor-widget-image\" data-id=\"41172cc\" data-element_type=\"widget\" data-settings=\"{&quot;_animation&quot;:&quot;pulse&quot;}\" data-widget_type=\"image.default\">\n\t\t\t\t<div class=\"elementor-widget-container\">\n\t\t\t<style>\/*! elementor - v3.13.2 - 11-05-2023 *\/\n.elementor-widget-image{text-align:center}.elementor-widget-image a{display:inline-block}.elementor-widget-image a img[src$=\".svg\"]{width:48px}.elementor-widget-image img{vertical-align:middle;display:inline-block}<\/style>\t\t\t\t\t\t\t\t\t\t\t\t<img width=\"715\" height=\"446\" src=\"http:\/\/ragoh.mx\/Inicio\/wp-content\/uploads\/2023\/05\/Captura-de-pantalla-2023-05-10-135928.png\" class=\"attachment-large size-large wp-image-458\" alt=\"\" loading=\"lazy\" srcset=\"http:\/\/ragoh.mx\/Inicio\/wp-content\/uploads\/2023\/05\/Captura-de-pantalla-2023-05-10-135928.png 715w, http:\/\/ragoh.mx\/Inicio\/wp-content\/uploads\/2023\/05\/Captura-de-pantalla-2023-05-10-135928-300x187.png 300w, http:\/\/ragoh.mx\/Inicio\/wp-content\/uploads\/2023\/05\/Captura-de-pantalla-2023-05-10-135928-600x374.png 600w\" sizes=\"(max-width: 715px) 100vw, 715px\" \/>\t\t\t\t\t\t\t\t\t\t\t\t\t\t\t<\/div>\n\t\t\t\t<\/div>\n\t\t\t\t\t<\/div>\n\t\t<\/div>\n\t\t\t\t<div class=\"elementor-column elementor-col-50 elementor-top-column elementor-element elementor-element-7cbdcf2\" data-id=\"7cbdcf2\" data-element_type=\"column\">\n\t\t\t<div class=\"elementor-widget-wrap elementor-element-populated\">\n\t\t\t\t\t\t\t\t<div class=\"elementor-element elementor-element-af26da3 elementor-invisible elementor-widget elementor-widget-image\" data-id=\"af26da3\" data-element_type=\"widget\" data-settings=\"{&quot;_animation&quot;:&quot;pulse&quot;}\" data-widget_type=\"image.default\">\n\t\t\t\t<div class=\"elementor-widget-container\">\n\t\t\t\t\t\t\t\t\t\t\t\t\t\t\t<img width=\"718\" height=\"447\" src=\"http:\/\/ragoh.mx\/Inicio\/wp-content\/uploads\/2023\/05\/Captura-de-pantalla-2023-05-10-135915.png\" class=\"attachment-large size-large wp-image-459\" alt=\"\" loading=\"lazy\" srcset=\"http:\/\/ragoh.mx\/Inicio\/wp-content\/uploads\/2023\/05\/Captura-de-pantalla-2023-05-10-135915.png 718w, http:\/\/ragoh.mx\/Inicio\/wp-content\/uploads\/2023\/05\/Captura-de-pantalla-2023-05-10-135915-300x187.png 300w, http:\/\/ragoh.mx\/Inicio\/wp-content\/uploads\/2023\/05\/Captura-de-pantalla-2023-05-10-135915-600x374.png 600w\" sizes=\"(max-width: 718px) 100vw, 718px\" \/>\t\t\t\t\t\t\t\t\t\t\t\t\t\t\t<\/div>\n\t\t\t\t<\/div>\n\t\t\t\t\t<\/div>\n\t\t<\/div>\n\t\t\t\t\t\t\t<\/div>\n\t\t<\/section>\n\t\t\t\t<section class=\"elementor-section elementor-top-section elementor-element elementor-element-5289866 elementor-section-full_width elementor-section-stretched elementor-section-height-default elementor-section-height-default\" data-id=\"5289866\" data-element_type=\"section\" data-settings=\"{&quot;stretch_section&quot;:&quot;section-stretched&quot;}\">\n\t\t\t\t\t\t<div class=\"elementor-container elementor-column-gap-default\">\n\t\t\t\t\t<div class=\"elementor-column elementor-col-50 elementor-top-column elementor-element elementor-element-41508f8\" data-id=\"41508f8\" data-element_type=\"column\">\n\t\t\t<div class=\"elementor-widget-wrap elementor-element-populated\">\n\t\t\t\t\t\t\t\t<div class=\"elementor-element elementor-element-92ce493 elementor-invisible elementor-widget elementor-widget-text-editor\" data-id=\"92ce493\" data-element_type=\"widget\" data-settings=\"{&quot;_animation&quot;:&quot;pulse&quot;}\" data-widget_type=\"text-editor.default\">\n\t\t\t\t<div class=\"elementor-widget-container\">\n\t\t\t\t\t\t\t<div class=\"marcas residence\" style=\"padding: 0px; margin: 0px 0px 24px; -webkit-font-smoothing: antialiased; border: 0px; font-variant-numeric: inherit; font-variant-east-asian: inherit; font-variant-alternates: inherit; font-stretch: inherit; font-size: 16px; line-height: inherit; font-family: Raleway, sans-serif; font-optical-sizing: inherit; font-kerning: inherit; font-feature-settings: inherit; font-variation-settings: inherit; vertical-align: baseline; color: rgb(51, 51, 51);\"><img src=\"https:\/\/www.gama-decor.com\/recursos\/residence.svg\" alt=\"residence\" style=\"padding: 0px; margin: 0px; -webkit-font-smoothing: antialiased; border-width: 0px; border-style: initial; font: inherit; vertical-align: baseline; height: 44px;\"><\/div><h2 class=\"marcas\" style=\"padding: 0px; margin-top: 0px; margin-bottom: 16px; -webkit-font-smoothing: antialiased; border: 0px; font-variant-numeric: inherit; font-variant-east-asian: inherit; font-variant-alternates: inherit; font-weight: 300; font-stretch: inherit; font-size: 28px; line-height: 32px; font-family: Raleway, sans-serif; font-optical-sizing: inherit; font-kerning: inherit; font-feature-settings: inherit; font-variation-settings: inherit; vertical-align: baseline; color: rgb(51, 51, 51);\">Destinada a proyectos exigentes con detalles de altas prestaciones.<\/h2><p style=\"padding: 0px; margin-bottom: 20px; -webkit-font-smoothing: antialiased; border: 0px; font-variant-numeric: inherit; font-variant-east-asian: inherit; font-variant-alternates: inherit; font-stretch: inherit; font-size: 15px; line-height: 20px; font-family: Raleway, sans-serif; font-optical-sizing: inherit; font-kerning: inherit; font-feature-settings: inherit; font-variation-settings: inherit; vertical-align: baseline; color: rgb(51, 51, 51);\">La colecci\u00f3n Residence, de cocinas PORCELANOSA, est\u00e1 destinada a proyectos exigentes con detalles de altas prestaciones, empleando herrajes de las primeras marcas europeas, tableros procedentes de bosques de tala sostenible y se fabrica en Espa\u00f1a.<\/p>\t\t\t\t\t\t<\/div>\n\t\t\t\t<\/div>\n\t\t\t\t\t<\/div>\n\t\t<\/div>\n\t\t\t\t<div class=\"elementor-column elementor-col-50 elementor-top-column elementor-element elementor-element-9e26e00\" data-id=\"9e26e00\" data-element_type=\"column\">\n\t\t\t<div class=\"elementor-widget-wrap elementor-element-populated\">\n\t\t\t\t\t\t\t\t<div class=\"elementor-element elementor-element-79240cb elementor-invisible elementor-widget elementor-widget-text-editor\" data-id=\"79240cb\" data-element_type=\"widget\" data-settings=\"{&quot;_animation&quot;:&quot;pulse&quot;}\" data-widget_type=\"text-editor.default\">\n\t\t\t\t<div class=\"elementor-widget-container\">\n\t\t\t\t\t\t\t<p>\u00a0<\/p><div class=\"marcas emotions\" style=\"padding: 0px; margin: 0px 0px 24px; -webkit-font-smoothing: antialiased; border: 0px; font-variant-numeric: inherit; font-variant-east-asian: inherit; font-variant-alternates: inherit; font-stretch: inherit; font-size: 16px; line-height: inherit; font-family: Raleway, sans-serif; font-optical-sizing: inherit; font-kerning: inherit; font-feature-settings: inherit; font-variation-settings: inherit; vertical-align: baseline; color: #333333;\"><img style=\"padding: 0px; margin: 0px; -webkit-font-smoothing: antialiased; border-width: 0px; border-style: initial; font: inherit; vertical-align: baseline; height: 44px;\" src=\"https:\/\/www.gama-decor.com\/recursos\/emotions.svg\" alt=\"emotions\" \/><\/div><h2 class=\"marcas\" style=\"padding: 0px; margin-top: 0px; margin-bottom: 16px; -webkit-font-smoothing: antialiased; border: 0px; font-variant-numeric: inherit; font-variant-east-asian: inherit; font-variant-alternates: inherit; font-weight: 300; font-stretch: inherit; font-size: 28px; line-height: 32px; font-family: Raleway, sans-serif; font-optical-sizing: inherit; font-kerning: inherit; font-feature-settings: inherit; font-variation-settings: inherit; vertical-align: baseline; color: #333333;\">La serie de cocinas m\u00e1s innovadora, a la vanguardia del dise\u00f1o de cocinas.<\/h2><p style=\"padding: 0px; margin-bottom: 20px; -webkit-font-smoothing: antialiased; border: 0px; font-variant-numeric: inherit; font-variant-east-asian: inherit; font-variant-alternates: inherit; font-stretch: inherit; font-size: 15px; line-height: 20px; font-family: Raleway, sans-serif; font-optical-sizing: inherit; font-kerning: inherit; font-feature-settings: inherit; font-variation-settings: inherit; vertical-align: baseline; color: #333333;\">Dise\u00f1o renovado, avanzando las nuevas tendencias con los componentes m\u00e1s exclusivos del mercado. La colecci\u00f3n m\u00e1s joven de Gamadecor est\u00e1 a la vanguardia del dise\u00f1o de cocinas con nuevas alturas de trabajo y reducci\u00f3n de z\u00f3calos para adaptarse a las nuevas necesidades, aumentar la capacidad de los m\u00f3dulos y confeccionar cocinas con dise\u00f1os m\u00e1s minimalistas, pero siempre aprovechando el valor de la experiencia que confieren 30 a\u00f1os dedicados a la fabricaci\u00f3n de mobiliario.<\/p>\t\t\t\t\t\t<\/div>\n\t\t\t\t<\/div>\n\t\t\t\t\t<\/div>\n\t\t<\/div>\n\t\t\t\t\t\t\t<\/div>\n\t\t<\/section>\n\t\t\t\t<section class=\"elementor-section elementor-top-section elementor-element elementor-element-5753421 elementor-section-full_width elementor-section-stretched elementor-section-height-default elementor-section-height-default elementor-invisible\" data-id=\"5753421\" data-element_type=\"section\" data-settings=\"{&quot;stretch_section&quot;:&quot;section-stretched&quot;,&quot;animation&quot;:&quot;pulse&quot;}\">\n\t\t\t\t\t\t<div class=\"elementor-container elementor-column-gap-default\">\n\t\t\t\t\t<div class=\"elementor-column elementor-col-100 elementor-top-column elementor-element elementor-element-97a3883\" data-id=\"97a3883\" data-element_type=\"column\">\n\t\t\t<div class=\"elementor-widget-wrap elementor-element-populated\">\n\t\t\t\t\t\t\t\t<div class=\"elementor-element elementor-element-752f599 elementor-widget elementor-widget-image\" data-id=\"752f599\" data-element_type=\"widget\" data-widget_type=\"image.default\">\n\t\t\t\t<div class=\"elementor-widget-container\">\n\t\t\t\t\t\t\t\t\t\t\t\t\t\t\t<img width=\"920\" height=\"518\" src=\"http:\/\/ragoh.mx\/Inicio\/wp-content\/uploads\/2023\/05\/Cocina-E9.30-xtone-breccia-darkE7.00-roble-carbon-Gamadecor-Porcelanosa-1-1024x576.jpg\" class=\"attachment-large size-large wp-image-464\" alt=\"\" loading=\"lazy\" srcset=\"http:\/\/ragoh.mx\/Inicio\/wp-content\/uploads\/2023\/05\/Cocina-E9.30-xtone-breccia-darkE7.00-roble-carbon-Gamadecor-Porcelanosa-1-1024x576.jpg 1024w, http:\/\/ragoh.mx\/Inicio\/wp-content\/uploads\/2023\/05\/Cocina-E9.30-xtone-breccia-darkE7.00-roble-carbon-Gamadecor-Porcelanosa-1-300x169.jpg 300w, http:\/\/ragoh.mx\/Inicio\/wp-content\/uploads\/2023\/05\/Cocina-E9.30-xtone-breccia-darkE7.00-roble-carbon-Gamadecor-Porcelanosa-1-768x432.jpg 768w, http:\/\/ragoh.mx\/Inicio\/wp-content\/uploads\/2023\/05\/Cocina-E9.30-xtone-breccia-darkE7.00-roble-carbon-Gamadecor-Porcelanosa-1-600x338.jpg 600w, http:\/\/ragoh.mx\/Inicio\/wp-content\/uploads\/2023\/05\/Cocina-E9.30-xtone-breccia-darkE7.00-roble-carbon-Gamadecor-Porcelanosa-1.jpg 1200w\" sizes=\"(max-width: 920px) 100vw, 920px\" \/>\t\t\t\t\t\t\t\t\t\t\t\t\t\t\t<\/div>\n\t\t\t\t<\/div>\n\t\t\t\t\t<\/div>\n\t\t<\/div>\n\t\t\t\t\t\t\t<\/div>\n\t\t<\/section>\n\t\t\t\t<section class=\"elementor-section elementor-top-section elementor-element elementor-element-b2172e8 elementor-section-full_width elementor-section-stretched elementor-section-height-default elementor-section-height-default\" data-id=\"b2172e8\" data-element_type=\"section\" data-settings=\"{&quot;stretch_section&quot;:&quot;section-stretched&quot;}\">\n\t\t\t\t\t\t<div class=\"elementor-container elementor-column-gap-default\">\n\t\t\t\t\t<div class=\"elementor-column elementor-col-50 elementor-top-column elementor-element elementor-element-8f7835c\" data-id=\"8f7835c\" data-element_type=\"column\">\n\t\t\t<div class=\"elementor-widget-wrap elementor-element-populated\">\n\t\t\t\t\t\t\t\t<div class=\"elementor-element elementor-element-79ff1e7 elementor-invisible elementor-widget elementor-widget-image\" data-id=\"79ff1e7\" data-element_type=\"widget\" data-settings=\"{&quot;_animation&quot;:&quot;pulse&quot;}\" data-widget_type=\"image.default\">\n\t\t\t\t<div class=\"elementor-widget-container\">\n\t\t\t\t\t\t\t\t\t\t\t\t\t\t\t<img width=\"920\" height=\"518\" src=\"http:\/\/ragoh.mx\/Inicio\/wp-content\/uploads\/2023\/05\/Captura-de-pantalla-2023-05-10-140751.png\" class=\"attachment-large size-large wp-image-467\" alt=\"\" loading=\"lazy\" srcset=\"http:\/\/ragoh.mx\/Inicio\/wp-content\/uploads\/2023\/05\/Captura-de-pantalla-2023-05-10-140751.png 963w, http:\/\/ragoh.mx\/Inicio\/wp-content\/uploads\/2023\/05\/Captura-de-pantalla-2023-05-10-140751-300x169.png 300w, http:\/\/ragoh.mx\/Inicio\/wp-content\/uploads\/2023\/05\/Captura-de-pantalla-2023-05-10-140751-768x432.png 768w, http:\/\/ragoh.mx\/Inicio\/wp-content\/uploads\/2023\/05\/Captura-de-pantalla-2023-05-10-140751-960x542.png 960w, http:\/\/ragoh.mx\/Inicio\/wp-content\/uploads\/2023\/05\/Captura-de-pantalla-2023-05-10-140751-600x338.png 600w\" sizes=\"(max-width: 920px) 100vw, 920px\" \/>\t\t\t\t\t\t\t\t\t\t\t\t\t\t\t<\/div>\n\t\t\t\t<\/div>\n\t\t\t\t\t<\/div>\n\t\t<\/div>\n\t\t\t\t<div class=\"elementor-column elementor-col-25 elementor-top-column elementor-element elementor-element-46e80fc\" data-id=\"46e80fc\" data-element_type=\"column\">\n\t\t\t<div class=\"elementor-widget-wrap elementor-element-populated\">\n\t\t\t\t\t\t\t\t<div class=\"elementor-element elementor-element-868e14b elementor-invisible elementor-widget elementor-widget-image\" data-id=\"868e14b\" data-element_type=\"widget\" data-settings=\"{&quot;_animation&quot;:&quot;pulse&quot;}\" data-widget_type=\"image.default\">\n\t\t\t\t<div class=\"elementor-widget-container\">\n\t\t\t\t\t\t\t\t\t\t\t\t\t\t\t<img width=\"457\" height=\"463\" src=\"http:\/\/ragoh.mx\/Inicio\/wp-content\/uploads\/2023\/05\/Captura-de-pantalla-2023-05-10-140812.png\" class=\"attachment-large size-large wp-image-466\" alt=\"\" loading=\"lazy\" srcset=\"http:\/\/ragoh.mx\/Inicio\/wp-content\/uploads\/2023\/05\/Captura-de-pantalla-2023-05-10-140812.png 457w, http:\/\/ragoh.mx\/Inicio\/wp-content\/uploads\/2023\/05\/Captura-de-pantalla-2023-05-10-140812-296x300.png 296w, http:\/\/ragoh.mx\/Inicio\/wp-content\/uploads\/2023\/05\/Captura-de-pantalla-2023-05-10-140812-50x50.png 50w, http:\/\/ragoh.mx\/Inicio\/wp-content\/uploads\/2023\/05\/Captura-de-pantalla-2023-05-10-140812-80x80.png 80w, http:\/\/ragoh.mx\/Inicio\/wp-content\/uploads\/2023\/05\/Captura-de-pantalla-2023-05-10-140812-100x100.png 100w\" sizes=\"(max-width: 457px) 100vw, 457px\" \/>\t\t\t\t\t\t\t\t\t\t\t\t\t\t\t<\/div>\n\t\t\t\t<\/div>\n\t\t\t\t\t<\/div>\n\t\t<\/div>\n\t\t\t\t<div class=\"elementor-column elementor-col-25 elementor-top-column elementor-element elementor-element-dd3e678\" data-id=\"dd3e678\" data-element_type=\"column\">\n\t\t\t<div class=\"elementor-widget-wrap elementor-element-populated\">\n\t\t\t\t\t\t\t\t<div class=\"elementor-element elementor-element-ff31efe elementor-invisible elementor-widget elementor-widget-image\" data-id=\"ff31efe\" data-element_type=\"widget\" data-settings=\"{&quot;_animation&quot;:&quot;pulse&quot;}\" data-widget_type=\"image.default\">\n\t\t\t\t<div class=\"elementor-widget-container\">\n\t\t\t\t\t\t\t\t\t\t\t\t\t\t\t<img width=\"462\" height=\"467\" src=\"http:\/\/ragoh.mx\/Inicio\/wp-content\/uploads\/2023\/05\/Captura-de-pantalla-2023-05-10-140825.png\" class=\"attachment-large size-large wp-image-465\" alt=\"\" loading=\"lazy\" srcset=\"http:\/\/ragoh.mx\/Inicio\/wp-content\/uploads\/2023\/05\/Captura-de-pantalla-2023-05-10-140825.png 462w, http:\/\/ragoh.mx\/Inicio\/wp-content\/uploads\/2023\/05\/Captura-de-pantalla-2023-05-10-140825-297x300.png 297w, http:\/\/ragoh.mx\/Inicio\/wp-content\/uploads\/2023\/05\/Captura-de-pantalla-2023-05-10-140825-50x50.png 50w, http:\/\/ragoh.mx\/Inicio\/wp-content\/uploads\/2023\/05\/Captura-de-pantalla-2023-05-10-140825-80x80.png 80w, http:\/\/ragoh.mx\/Inicio\/wp-content\/uploads\/2023\/05\/Captura-de-pantalla-2023-05-10-140825-100x100.png 100w\" sizes=\"(max-width: 462px) 100vw, 462px\" \/>\t\t\t\t\t\t\t\t\t\t\t\t\t\t\t<\/div>\n\t\t\t\t<\/div>\n\t\t\t\t\t<\/div>\n\t\t<\/div>\n\t\t\t\t\t\t\t<\/div>\n\t\t<\/section>\n\t\t\t\t\t\t\t<\/div>\n\t\t","protected":false},"excerpt":{"rendered":"<p>PORCELANOSA KitchensUn lugar para crear, sentir y vivir. Las cocinas de Gamadecor son cocinas de calidad que conjugan a la perfecci\u00f3n est\u00e9tica y funcionalidad. Son la ecuaci\u00f3n perfecta, originales combinaciones<\/p>\n<p class=\"more-link\"><a href=\"http:\/\/ragoh.mx\/Inicio\/gamadecor\/\" class=\"readmore\">Seguir leyendo<svg class=\"icon icon-arrow-right\" aria-hidden=\"true\" role=\"img\"> <use href=\"#icon-arrow-right\" xlink:href=\"#icon-arrow-right\"><\/use> <\/svg><span class=\"screen-reader-text\">Gamadecor<\/span><\/a><\/p>\n","protected":false},"author":1,"featured_media":0,"parent":0,"menu_order":0,"comment_status":"closed","ping_status":"closed","template":"","meta":{"_coblocks_attr":"","_coblocks_dimensions":"","_coblocks_responsive_height":"","_coblocks_accordion_ie_support":""},"_links":{"self":[{"href":"http:\/\/ragoh.mx\/Inicio\/wp-json\/wp\/v2\/pages\/453"}],"collection":[{"href":"http:\/\/ragoh.mx\/Inicio\/wp-json\/wp\/v2\/pages"}],"about":[{"href":"http:\/\/ragoh.mx\/Inicio\/wp-json\/wp\/v2\/types\/page"}],"author":[{"embeddable":true,"href":"http:\/\/ragoh.mx\/Inicio\/wp-json\/wp\/v2\/users\/1"}],"replies":[{"embeddable":true,"href":"http:\/\/ragoh.mx\/Inicio\/wp-json\/wp\/v2\/comments?post=453"}],"version-history":[{"count":4,"href":"http:\/\/ragoh.mx\/Inicio\/wp-json\/wp\/v2\/pages\/453\/revisions"}],"predecessor-version":[{"id":470,"href":"http:\/\/ragoh.mx\/Inicio\/wp-json\/wp\/v2\/pages\/453\/revisions\/470"}],"wp:attachment":[{"href":"http:\/\/ragoh.mx\/Inicio\/wp-json\/wp\/v2\/media?parent=453"}],"curies":[{"name":"wp","href":"https:\/\/api.w.org\/{rel}","templated":true}]}}