{"id":265,"date":"2023-05-10T02:24:52","date_gmt":"2023-05-10T02:24:52","guid":{"rendered":"http:\/\/ragoh.mx\/Inicio\/?page_id=265"},"modified":"2023-05-10T03:25:43","modified_gmt":"2023-05-10T03:25:43","slug":"newtechwood","status":"publish","type":"page","link":"http:\/\/ragoh.mx\/Inicio\/newtechwood\/","title":{"rendered":"Newtechwood"},"content":{"rendered":"\t\t<div data-elementor-type=\"wp-page\" data-elementor-id=\"265\" class=\"elementor elementor-265\">\n\t\t\t\t\t\t\t\t\t<section class=\"elementor-section elementor-top-section elementor-element elementor-element-2b258cf elementor-section-full_width elementor-section-stretched elementor-section-height-default elementor-section-height-default\" data-id=\"2b258cf\" data-element_type=\"section\" data-settings=\"{&quot;stretch_section&quot;:&quot;section-stretched&quot;}\">\n\t\t\t\t\t\t<div class=\"elementor-container elementor-column-gap-wider\">\n\t\t\t\t\t<div class=\"elementor-column elementor-col-100 elementor-top-column elementor-element elementor-element-cc4b7ac\" data-id=\"cc4b7ac\" data-element_type=\"column\">\n\t\t\t<div class=\"elementor-widget-wrap elementor-element-populated\">\n\t\t\t\t\t\t\t\t<div class=\"elementor-element elementor-element-43fe36b elementor-invisible elementor-widget elementor-widget-image\" data-id=\"43fe36b\" data-element_type=\"widget\" data-settings=\"{&quot;_animation&quot;:&quot;flash&quot;}\" data-widget_type=\"image.default\">\n\t\t\t\t<div class=\"elementor-widget-container\">\n\t\t\t<style>\/*! elementor - v3.13.2 - 11-05-2023 *\/\n.elementor-widget-image{text-align:center}.elementor-widget-image a{display:inline-block}.elementor-widget-image a img[src$=\".svg\"]{width:48px}.elementor-widget-image img{vertical-align:middle;display:inline-block}<\/style>\t\t\t\t\t\t\t\t\t\t\t\t<img width=\"2000\" height=\"650\" src=\"http:\/\/ragoh.mx\/Inicio\/wp-content\/uploads\/2023\/05\/European-Siding.webp\" class=\"attachment-2048x2048 size-2048x2048 wp-image-268\" alt=\"\" loading=\"lazy\" srcset=\"http:\/\/ragoh.mx\/Inicio\/wp-content\/uploads\/2023\/05\/European-Siding.webp 2000w, http:\/\/ragoh.mx\/Inicio\/wp-content\/uploads\/2023\/05\/European-Siding-300x98.webp 300w, http:\/\/ragoh.mx\/Inicio\/wp-content\/uploads\/2023\/05\/European-Siding-1024x333.webp 1024w, http:\/\/ragoh.mx\/Inicio\/wp-content\/uploads\/2023\/05\/European-Siding-768x250.webp 768w, http:\/\/ragoh.mx\/Inicio\/wp-content\/uploads\/2023\/05\/European-Siding-1536x499.webp 1536w, http:\/\/ragoh.mx\/Inicio\/wp-content\/uploads\/2023\/05\/European-Siding-600x195.webp 600w\" sizes=\"(max-width: 2000px) 100vw, 2000px\" \/>\t\t\t\t\t\t\t\t\t\t\t\t\t\t\t<\/div>\n\t\t\t\t<\/div>\n\t\t\t\t\t<\/div>\n\t\t<\/div>\n\t\t\t\t\t\t\t<\/div>\n\t\t<\/section>\n\t\t\t\t<section class=\"elementor-section elementor-top-section elementor-element elementor-element-a5a4c7d elementor-section-boxed elementor-section-height-default elementor-section-height-default\" data-id=\"a5a4c7d\" data-element_type=\"section\">\n\t\t\t\t\t\t<div class=\"elementor-container elementor-column-gap-default\">\n\t\t\t\t\t<div class=\"elementor-column elementor-col-100 elementor-top-column elementor-element elementor-element-d631227\" data-id=\"d631227\" data-element_type=\"column\">\n\t\t\t<div class=\"elementor-widget-wrap elementor-element-populated\">\n\t\t\t\t\t\t\t\t<div class=\"elementor-element elementor-element-ca0d269 elementor-invisible elementor-widget elementor-widget-image\" data-id=\"ca0d269\" data-element_type=\"widget\" data-settings=\"{&quot;_animation&quot;:&quot;flash&quot;}\" data-widget_type=\"image.default\">\n\t\t\t\t<div class=\"elementor-widget-container\">\n\t\t\t\t\t\t\t\t\t\t\t\t\t\t\t<img width=\"300\" height=\"300\" src=\"http:\/\/ragoh.mx\/Inicio\/wp-content\/uploads\/2023\/05\/logo-ntw-300x300.png\" class=\"attachment-medium size-medium wp-image-269\" alt=\"\" loading=\"lazy\" srcset=\"http:\/\/ragoh.mx\/Inicio\/wp-content\/uploads\/2023\/05\/logo-ntw-300x300.png 300w, http:\/\/ragoh.mx\/Inicio\/wp-content\/uploads\/2023\/05\/logo-ntw-150x150.png 150w, http:\/\/ragoh.mx\/Inicio\/wp-content\/uploads\/2023\/05\/logo-ntw-140x140.png 140w, http:\/\/ragoh.mx\/Inicio\/wp-content\/uploads\/2023\/05\/logo-ntw-50x50.png 50w, http:\/\/ragoh.mx\/Inicio\/wp-content\/uploads\/2023\/05\/logo-ntw-80x80.png 80w, http:\/\/ragoh.mx\/Inicio\/wp-content\/uploads\/2023\/05\/logo-ntw-100x100.png 100w, http:\/\/ragoh.mx\/Inicio\/wp-content\/uploads\/2023\/05\/logo-ntw.png 600w\" sizes=\"(max-width: 300px) 100vw, 300px\" \/>\t\t\t\t\t\t\t\t\t\t\t\t\t\t\t<\/div>\n\t\t\t\t<\/div>\n\t\t\t\t\t<\/div>\n\t\t<\/div>\n\t\t\t\t\t\t\t<\/div>\n\t\t<\/section>\n\t\t\t\t<section class=\"elementor-section elementor-top-section elementor-element elementor-element-f8ae0fb elementor-section-full_width elementor-section-stretched elementor-section-height-default elementor-section-height-default\" data-id=\"f8ae0fb\" data-element_type=\"section\" data-settings=\"{&quot;stretch_section&quot;:&quot;section-stretched&quot;}\">\n\t\t\t\t\t\t<div class=\"elementor-container elementor-column-gap-default\">\n\t\t\t\t\t<div class=\"elementor-column elementor-col-33 elementor-top-column elementor-element elementor-element-d067ab8\" data-id=\"d067ab8\" data-element_type=\"column\">\n\t\t\t<div class=\"elementor-widget-wrap elementor-element-populated\">\n\t\t\t\t\t\t\t\t<div class=\"elementor-element elementor-element-42f8f81 elementor-invisible elementor-widget elementor-widget-image\" data-id=\"42f8f81\" data-element_type=\"widget\" data-settings=\"{&quot;_animation&quot;:&quot;flash&quot;}\" data-widget_type=\"image.default\">\n\t\t\t\t<div class=\"elementor-widget-container\">\n\t\t\t\t\t\t\t\t\t\t\t\t<figure class=\"wp-caption\">\n\t\t\t\t\t\t\t\t\t\t\t<a href=\"http:\/\/ragoh.mx\/Inicio\/deck\/\">\n\t\t\t\t\t\t\t<img width=\"920\" height=\"614\" src=\"http:\/\/ragoh.mx\/Inicio\/wp-content\/uploads\/2023\/05\/NewTechWood-Decking-in-Teak-Warragul-VIC-1-1024x683.jpeg\" class=\"attachment-large size-large wp-image-277\" alt=\"\" loading=\"lazy\" srcset=\"http:\/\/ragoh.mx\/Inicio\/wp-content\/uploads\/2023\/05\/NewTechWood-Decking-in-Teak-Warragul-VIC-1-1024x683.jpeg 1024w, http:\/\/ragoh.mx\/Inicio\/wp-content\/uploads\/2023\/05\/NewTechWood-Decking-in-Teak-Warragul-VIC-1-300x200.jpeg 300w, http:\/\/ragoh.mx\/Inicio\/wp-content\/uploads\/2023\/05\/NewTechWood-Decking-in-Teak-Warragul-VIC-1-768x512.jpeg 768w, http:\/\/ragoh.mx\/Inicio\/wp-content\/uploads\/2023\/05\/NewTechWood-Decking-in-Teak-Warragul-VIC-1-1536x1024.jpeg 1536w, http:\/\/ragoh.mx\/Inicio\/wp-content\/uploads\/2023\/05\/NewTechWood-Decking-in-Teak-Warragul-VIC-1-600x400.jpeg 600w, http:\/\/ragoh.mx\/Inicio\/wp-content\/uploads\/2023\/05\/NewTechWood-Decking-in-Teak-Warragul-VIC-1.jpeg 2048w\" sizes=\"(max-width: 920px) 100vw, 920px\" \/>\t\t\t\t\t\t\t\t<\/a>\n\t\t\t\t\t\t\t\t\t\t\t<figcaption class=\"widget-image-caption wp-caption-text\">DECK<\/figcaption>\n\t\t\t\t\t\t\t\t\t\t<\/figure>\n\t\t\t\t\t\t\t\t\t<\/div>\n\t\t\t\t<\/div>\n\t\t\t\t\t<\/div>\n\t\t<\/div>\n\t\t\t\t<div class=\"elementor-column elementor-col-33 elementor-top-column elementor-element elementor-element-c947baa\" data-id=\"c947baa\" data-element_type=\"column\">\n\t\t\t<div class=\"elementor-widget-wrap elementor-element-populated\">\n\t\t\t\t\t\t\t\t<div class=\"elementor-element elementor-element-8a33605 elementor-invisible elementor-widget elementor-widget-image\" data-id=\"8a33605\" data-element_type=\"widget\" data-settings=\"{&quot;_animation&quot;:&quot;flash&quot;}\" data-widget_type=\"image.default\">\n\t\t\t\t<div class=\"elementor-widget-container\">\n\t\t\t\t\t\t\t\t\t\t\t\t<figure class=\"wp-caption\">\n\t\t\t\t\t\t\t\t\t\t\t<a href=\"http:\/\/ragoh.mx\/Inicio\/revestimientos\/\">\n\t\t\t\t\t\t\t<img width=\"920\" height=\"604\" src=\"http:\/\/ragoh.mx\/Inicio\/wp-content\/uploads\/2023\/05\/Captura-de-pantalla-2023-05-09-190355-1024x672.png\" class=\"attachment-large size-large wp-image-273\" alt=\"\" loading=\"lazy\" srcset=\"http:\/\/ragoh.mx\/Inicio\/wp-content\/uploads\/2023\/05\/Captura-de-pantalla-2023-05-09-190355-1024x672.png 1024w, http:\/\/ragoh.mx\/Inicio\/wp-content\/uploads\/2023\/05\/Captura-de-pantalla-2023-05-09-190355-300x197.png 300w, http:\/\/ragoh.mx\/Inicio\/wp-content\/uploads\/2023\/05\/Captura-de-pantalla-2023-05-09-190355-768x504.png 768w, http:\/\/ragoh.mx\/Inicio\/wp-content\/uploads\/2023\/05\/Captura-de-pantalla-2023-05-09-190355-600x394.png 600w, http:\/\/ragoh.mx\/Inicio\/wp-content\/uploads\/2023\/05\/Captura-de-pantalla-2023-05-09-190355.png 1122w\" sizes=\"(max-width: 920px) 100vw, 920px\" \/>\t\t\t\t\t\t\t\t<\/a>\n\t\t\t\t\t\t\t\t\t\t\t<figcaption class=\"widget-image-caption wp-caption-text\">REVESTIMIENTOS<\/figcaption>\n\t\t\t\t\t\t\t\t\t\t<\/figure>\n\t\t\t\t\t\t\t\t\t<\/div>\n\t\t\t\t<\/div>\n\t\t\t\t\t<\/div>\n\t\t<\/div>\n\t\t\t\t<div class=\"elementor-column elementor-col-33 elementor-top-column elementor-element elementor-element-7e3f0fa\" data-id=\"7e3f0fa\" data-element_type=\"column\">\n\t\t\t<div class=\"elementor-widget-wrap elementor-element-populated\">\n\t\t\t\t\t\t\t\t<div class=\"elementor-element elementor-element-092f460 elementor-invisible elementor-widget elementor-widget-image\" data-id=\"092f460\" data-element_type=\"widget\" data-settings=\"{&quot;_animation&quot;:&quot;flash&quot;}\" data-widget_type=\"image.default\">\n\t\t\t\t<div class=\"elementor-widget-container\">\n\t\t\t\t\t\t\t\t\t\t\t\t<figure class=\"wp-caption\">\n\t\t\t\t\t\t\t\t\t\t\t<a href=\"http:\/\/ragoh.mx\/Inicio\/vigas\/\">\n\t\t\t\t\t\t\t<img width=\"920\" height=\"614\" src=\"http:\/\/ragoh.mx\/Inicio\/wp-content\/uploads\/2023\/05\/Captura-de-pantalla-2023-05-09-190612-1-1024x683.png\" class=\"attachment-large size-large wp-image-278\" alt=\"\" loading=\"lazy\" srcset=\"http:\/\/ragoh.mx\/Inicio\/wp-content\/uploads\/2023\/05\/Captura-de-pantalla-2023-05-09-190612-1-1024x683.png 1024w, http:\/\/ragoh.mx\/Inicio\/wp-content\/uploads\/2023\/05\/Captura-de-pantalla-2023-05-09-190612-1-300x200.png 300w, http:\/\/ragoh.mx\/Inicio\/wp-content\/uploads\/2023\/05\/Captura-de-pantalla-2023-05-09-190612-1-768x512.png 768w, http:\/\/ragoh.mx\/Inicio\/wp-content\/uploads\/2023\/05\/Captura-de-pantalla-2023-05-09-190612-1-1536x1024.png 1536w, http:\/\/ragoh.mx\/Inicio\/wp-content\/uploads\/2023\/05\/Captura-de-pantalla-2023-05-09-190612-1-600x400.png 600w, http:\/\/ragoh.mx\/Inicio\/wp-content\/uploads\/2023\/05\/Captura-de-pantalla-2023-05-09-190612-1.png 2048w\" sizes=\"(max-width: 920px) 100vw, 920px\" \/>\t\t\t\t\t\t\t\t<\/a>\n\t\t\t\t\t\t\t\t\t\t\t<figcaption class=\"widget-image-caption wp-caption-text\">VIGAS<\/figcaption>\n\t\t\t\t\t\t\t\t\t\t<\/figure>\n\t\t\t\t\t\t\t\t\t<\/div>\n\t\t\t\t<\/div>\n\t\t\t\t\t<\/div>\n\t\t<\/div>\n\t\t\t\t\t\t\t<\/div>\n\t\t<\/section>\n\t\t\t\t<section class=\"elementor-section elementor-top-section elementor-element elementor-element-12a0d1f elementor-section-full_width elementor-section-stretched elementor-section-height-default elementor-section-height-default\" data-id=\"12a0d1f\" data-element_type=\"section\" data-settings=\"{&quot;stretch_section&quot;:&quot;section-stretched&quot;}\">\n\t\t\t\t\t\t<div class=\"elementor-container elementor-column-gap-wide\">\n\t\t\t\t\t<div class=\"elementor-column elementor-col-50 elementor-top-column elementor-element elementor-element-95c7afe\" data-id=\"95c7afe\" data-element_type=\"column\">\n\t\t\t<div class=\"elementor-widget-wrap elementor-element-populated\">\n\t\t\t\t\t\t\t\t<div class=\"elementor-element elementor-element-7a74fcc elementor-widget__width-initial elementor-widget elementor-widget-text-editor\" data-id=\"7a74fcc\" data-element_type=\"widget\" data-widget_type=\"text-editor.default\">\n\t\t\t\t<div class=\"elementor-widget-container\">\n\t\t\t<style>\/*! elementor - v3.13.2 - 11-05-2023 *\/\n.elementor-widget-text-editor.elementor-drop-cap-view-stacked .elementor-drop-cap{background-color:#69727d;color:#fff}.elementor-widget-text-editor.elementor-drop-cap-view-framed .elementor-drop-cap{color:#69727d;border:3px solid;background-color:transparent}.elementor-widget-text-editor:not(.elementor-drop-cap-view-default) .elementor-drop-cap{margin-top:8px}.elementor-widget-text-editor:not(.elementor-drop-cap-view-default) .elementor-drop-cap-letter{width:1em;height:1em}.elementor-widget-text-editor .elementor-drop-cap{float:left;text-align:center;line-height:1;font-size:50px}.elementor-widget-text-editor .elementor-drop-cap-letter{display:inline-block}<\/style>\t\t\t\t<h2><span style=\"color: rgb(112, 117, 122); font-family: Raleway, sans-serif; font-size: 2rem; font-weight: inherit;\">TECNOLOG\u00cdA ULTRASHIELD\u2122<\/span><\/h2>\n<p>Porque creamos el deck compuesto con la m\u00e1s alta resistencia; capturamos la gran belleza de la madera natural y sobretodo logramos un incomparable rendimiento. Por todo esto, nuestra garant\u00eda es la m\u00e1s amplia y completa de la industria.\u201d<\/p>\n<p><b>UltraShield<\/b> combina, la antes probada fortaleza del pl\u00e1stico de polietileno de alta densidad y fibra de madera, con una cubierta exterior de pl\u00e1stico, que encapsula completamente la tabla.<\/p>\n<p><br><\/p>\n<h1 style=\"color: rgb(112, 117, 122); line-height: 1.2em; font-weight: inherit; margin-top: 0px; margin-bottom: 0px; font-size: 3rem; font-family: Raleway, sans-serif; text-align: start;\"><span style=\"font-weight: 700;\">COLOR<\/span><\/h1>\n<h3 style=\"color: rgb(112, 117, 122); line-height: 1.2em; font-weight: inherit; margin-top: 0px; margin-bottom: 0px; font-size: 1.5rem; font-family: Raleway, sans-serif; text-align: start;\">TECNOLOG\u00cdA ULTRASHIELD<\/h3>\n<p style=\"line-height: 1.2em; margin-top: 1em; margin-bottom: 1em; font-size: 1.125rem; color: rgb(112, 117, 122); font-family: Raleway, sans-serif; text-align: start;\">Este exclusivo avance tecnol\u00f3gico, proporciona la m\u00e1xima protecci\u00f3n contra las agresiones de los rayos UV, conservando permanentemente, la belleza natural del color seleccionado para su espacio exterior, para que usted se despreocupe de la desagradable decoloraci\u00f3n.<\/p>\n<p style=\"line-height: 1.2em; margin-top: 1em; margin-bottom: 1em; font-size: 1.125rem; color: rgb(112, 117, 122); font-family: Raleway, sans-serif; text-align: start;\">Nuestros nuevos colores nos permiten llevar la apariencia del deck compuesto a OTRO NIVEL.<\/p><p style=\"line-height: 1.2em; margin-top: 1em; margin-bottom: 1em; font-size: 1.125rem; color: rgb(112, 117, 122); font-family: Raleway, sans-serif; text-align: start;\"><br><\/p><h1 style=\"color: rgb(112, 117, 122); line-height: 1.2em; font-weight: inherit; margin-top: 0px; margin-bottom: 0px; font-size: 3rem; font-family: Raleway, sans-serif;\"><span style=\"font-weight: 700;\">CUBIERTA<\/span><\/h1><h3 style=\"color: rgb(112, 117, 122); line-height: 1.2em; font-weight: inherit; margin-top: 0px; margin-bottom: 0px; font-size: 1.5rem; font-family: Raleway, sans-serif;\">TECNOLOG\u00cdA ULTRASHIELD<\/h3><p style=\"line-height: 1.2em; margin-top: 1em; margin-bottom: 1em; font-size: 1.125rem; color: rgb(112, 117, 122); font-family: Raleway, sans-serif;\">Gracias a su f\u00f3rmula patentada ha conseguido tonos profundos de color y texturas de la veta de la madera, que le aportan la calidez y belleza de la madera natural.<\/p><p style=\"line-height: 1.2em; margin-top: 1em; margin-bottom: 1em; font-size: 1.125rem; color: rgb(112, 117, 122); font-family: Raleway, sans-serif;\">Resiste tr\u00e1fico pesado sin mostrar signos de desgaste.<\/p><p style=\"line-height: 1.2em; margin-top: 1em; margin-bottom: 1em; font-size: 1.125rem; color: rgb(112, 117, 122); font-family: Raleway, sans-serif;\">Otro beneficio, envuelve los cuatro lados de la tabla, brindando protecci\u00f3n absoluta contra las condiciones m\u00e1s duras de la intemperie.<\/p>\t\t\t\t\t\t<\/div>\n\t\t\t\t<\/div>\n\t\t\t\t\t<\/div>\n\t\t<\/div>\n\t\t\t\t<div class=\"elementor-column elementor-col-50 elementor-top-column elementor-element elementor-element-142479a\" data-id=\"142479a\" data-element_type=\"column\">\n\t\t\t<div class=\"elementor-widget-wrap elementor-element-populated\">\n\t\t\t\t\t\t\t\t<div class=\"elementor-element elementor-element-0b52810 elementor-invisible elementor-widget elementor-widget-image\" data-id=\"0b52810\" data-element_type=\"widget\" data-settings=\"{&quot;_animation&quot;:&quot;flash&quot;}\" data-widget_type=\"image.default\">\n\t\t\t\t<div class=\"elementor-widget-container\">\n\t\t\t\t\t\t\t\t\t\t\t\t\t\t\t<img width=\"640\" height=\"1024\" src=\"http:\/\/ragoh.mx\/Inicio\/wp-content\/uploads\/2023\/05\/ntw-mexico-inicio-ultrashield-640x1024.jpg\" class=\"attachment-large size-large wp-image-279\" alt=\"\" loading=\"lazy\" srcset=\"http:\/\/ragoh.mx\/Inicio\/wp-content\/uploads\/2023\/05\/ntw-mexico-inicio-ultrashield-640x1024.jpg 640w, http:\/\/ragoh.mx\/Inicio\/wp-content\/uploads\/2023\/05\/ntw-mexico-inicio-ultrashield-188x300.jpg 188w, http:\/\/ragoh.mx\/Inicio\/wp-content\/uploads\/2023\/05\/ntw-mexico-inicio-ultrashield-768x1229.jpg 768w, http:\/\/ragoh.mx\/Inicio\/wp-content\/uploads\/2023\/05\/ntw-mexico-inicio-ultrashield-600x960.jpg 600w, http:\/\/ragoh.mx\/Inicio\/wp-content\/uploads\/2023\/05\/ntw-mexico-inicio-ultrashield.jpg 800w\" sizes=\"(max-width: 640px) 100vw, 640px\" \/>\t\t\t\t\t\t\t\t\t\t\t\t\t\t\t<\/div>\n\t\t\t\t<\/div>\n\t\t\t\t\t<\/div>\n\t\t<\/div>\n\t\t\t\t\t\t\t<\/div>\n\t\t<\/section>\n\t\t\t\t\t\t\t<\/div>\n\t\t","protected":false},"excerpt":{"rendered":"<p>DECK REVESTIMIENTOS VIGAS TECNOLOG\u00cdA ULTRASHIELD\u2122 Porque creamos el deck compuesto con la m\u00e1s alta resistencia; capturamos la gran belleza de la madera natural y sobretodo logramos un incomparable rendimiento. Por<\/p>\n<p class=\"more-link\"><a href=\"http:\/\/ragoh.mx\/Inicio\/newtechwood\/\" class=\"readmore\">Seguir leyendo<svg class=\"icon icon-arrow-right\" aria-hidden=\"true\" role=\"img\"> <use href=\"#icon-arrow-right\" xlink:href=\"#icon-arrow-right\"><\/use> <\/svg><span class=\"screen-reader-text\">Newtechwood<\/span><\/a><\/p>\n","protected":false},"author":1,"featured_media":0,"parent":0,"menu_order":0,"comment_status":"closed","ping_status":"closed","template":"","meta":{"_coblocks_attr":"","_coblocks_dimensions":"","_coblocks_responsive_height":"","_coblocks_accordion_ie_support":""},"_links":{"self":[{"href":"http:\/\/ragoh.mx\/Inicio\/wp-json\/wp\/v2\/pages\/265"}],"collection":[{"href":"http:\/\/ragoh.mx\/Inicio\/wp-json\/wp\/v2\/pages"}],"about":[{"href":"http:\/\/ragoh.mx\/Inicio\/wp-json\/wp\/v2\/types\/page"}],"author":[{"embeddable":true,"href":"http:\/\/ragoh.mx\/Inicio\/wp-json\/wp\/v2\/users\/1"}],"replies":[{"embeddable":true,"href":"http:\/\/ragoh.mx\/Inicio\/wp-json\/wp\/v2\/comments?post=265"}],"version-history":[{"count":16,"href":"http:\/\/ragoh.mx\/Inicio\/wp-json\/wp\/v2\/pages\/265\/revisions"}],"predecessor-version":[{"id":328,"href":"http:\/\/ragoh.mx\/Inicio\/wp-json\/wp\/v2\/pages\/265\/revisions\/328"}],"wp:attachment":[{"href":"http:\/\/ragoh.mx\/Inicio\/wp-json\/wp\/v2\/media?parent=265"}],"curies":[{"name":"wp","href":"https:\/\/api.w.org\/{rel}","templated":true}]}}